{"id":631,"date":"2018-11-12T01:13:33","date_gmt":"2018-11-12T00:13:33","guid":{"rendered":"https:\/\/shop.olivafix.com\/shop\/6-tube-de-75g-3-tube-gratuit-de-15g-1-boite-de-20-tablette-detox-nitradine\/"},"modified":"2025-02-14T14:41:48","modified_gmt":"2025-02-14T13:41:48","slug":"6x-tubes-olivafix-gold-de-75g-1x-tube-40g-gratuit-avec-transport-gratuit","status":"publish","type":"product","link":"https:\/\/shop.olivafix.com\/fr\/shop\/6x-tubes-olivafix-gold-de-75g-1x-tube-40g-gratuit-avec-transport-gratuit\/","title":{"rendered":"6x tubes OlivaFix\u00ae Gold de 75g + 1x tube 40g GRATUIT avec transport GRATUIT"},"content":{"rendered":"<h2 style=\"color: #000000;\">Une cr\u00e8me Adh\u00e9sive Dentaire \u00e0 base d\u2019huile d\u2019Olive Bio avec une tenue jusqu\u2019\u00e0 24h*<\/h2>\n<h3 style=\"color: #000000;\">Une tenue solide et durable, c\u2019est sain, c\u2019est unique et contient de l\u2019huile d\u2019olive bio. Prenez la votre aujourd\u2019hui.<\/h3>\n<h3 style=\"color: #000000;\">La premi\u00e8re alternative saine tenant jusqu\u2019\u00e0 24h sans p\u00e9trochimie, sans Parab\u00e8ne, sans Zinc (utilis\u00e9 dans la plupart des adh\u00e9sifs dentaires aujourd\u2019hui). Une vraie innovation au sein du march\u00e9 des cr\u00e8mes adh\u00e9sives dentaires \u00e0 l\u2019\u00e9chelle mondiale.<\/h3>\n<p>Utilisez-vous une cr\u00e8me adh\u00e9sive dentaire ? Si oui, il est probable qu\u2019elle contienne du p\u00e9trolatum, de l\u2019huile min\u00e9rale ou de la Vaseline. Arr\u00eatez d\u2019introduire des d\u00e9riv\u00e9s du p\u00e9trole dans votre corps tous les jours et essayez OlivaFix\u00ae Gold qui remplace toute p\u00e9trochimie avec de l\u2019Huile d\u2019Olive Bio.D\u00e9velopp\u00e9 pour les deux proth\u00e8ses dentaires : sup\u00e9rieures (v\u00e9rifi\u00e9 jusqu\u2019\u00e0 24 heures de maintien) et inf\u00e9rieures. Pour plus d\u2019information sur les cr\u00e8mes adh\u00e9sives, continuez \u00e0 lire ci-dessous.<\/p>\n<div class=\"clear-both\">\n<ul class=\"Organic-bullets\">\n<li><img data-recalc-dims=\"1\" decoding=\"async\" id=\"checklist2\" class=\"checklist2 alignleft\" title=\"CHECKLIST\" src=\"https:\/\/i0.wp.com\/shop.olivafix.com\/wp-content\/uploads\/2018\/11\/25-251230_photography-checklist-green-check-mark-in-box.png?resize=36%2C25&#038;ssl=1\" alt=\"checklist\" width=\"36\" height=\"25\" \/>Jusqu\u2019\u00e0 24 heures de maintien sur les proth\u00e8ses dentaires sup\u00e9rieures compl\u00e8tes* \u2013 Test dermatologique par Dermatest Allemagne.<\/li>\n<li><img data-recalc-dims=\"1\" decoding=\"async\" id=\"checklist2\" class=\"checklist2 alignleft\" title=\"CHECKLIST\" src=\"https:\/\/i0.wp.com\/shop.olivafix.com\/wp-content\/uploads\/2018\/11\/25-251230_photography-checklist-green-check-mark-in-box.png?resize=36%2C25&#038;ssl=1\" alt=\"checklist\" width=\"36\" height=\"25\" \/>Maintien solide pour les proth\u00e8ses dentaires inf\u00e9rieures.<\/li>\n<li><img data-recalc-dims=\"1\" decoding=\"async\" id=\"checklist2\" class=\"checklist2 alignleft\" title=\"CHECKLIST\" src=\"https:\/\/i0.wp.com\/shop.olivafix.com\/wp-content\/uploads\/2018\/11\/25-251230_photography-checklist-green-check-mark-in-box.png?resize=36%2C25&#038;ssl=1\" alt=\"checklist\" width=\"36\" height=\"25\" \/>0% p\u00e9trochimie, 0% Zinc, 0% Parab\u00e8ne.<\/li>\n<li><img data-recalc-dims=\"1\" decoding=\"async\" id=\"checklist2\" class=\"checklist2 alignleft\" title=\"CHECKLIST\" src=\"https:\/\/i0.wp.com\/shop.olivafix.com\/wp-content\/uploads\/2018\/11\/25-251230_photography-checklist-green-check-mark-in-box.png?resize=36%2C25&#038;ssl=1\" alt=\"checklist\" width=\"36\" height=\"25\" \/>Am\u00e9liore la r\u00e9tention dentaire pour les proth\u00e8ses sup\u00e9rieures et inf\u00e9rieures.<\/li>\n<li><img data-recalc-dims=\"1\" decoding=\"async\" id=\"checklist2\" class=\"checklist2 alignleft\" title=\"CHECKLIST\" src=\"https:\/\/i0.wp.com\/shop.olivafix.com\/wp-content\/uploads\/2018\/11\/25-251230_photography-checklist-green-check-mark-in-box.png?resize=36%2C25&#038;ssl=1\" alt=\"checklist\" width=\"36\" height=\"25\" \/>1 tube de 75g dure jusqu\u2019\u00e0 2 mois.<\/li>\n<li><img data-recalc-dims=\"1\" decoding=\"async\" id=\"checklist2\" class=\"checklist2 alignleft\" title=\"CHECKLIST\" src=\"https:\/\/i0.wp.com\/shop.olivafix.com\/wp-content\/uploads\/2018\/11\/25-251230_photography-checklist-green-check-mark-in-box.png?resize=36%2C25&#038;ssl=1\" alt=\"checklist\" width=\"36\" height=\"25\" \/>Contient de l\u2019Huile d\u2019Olive 100% go\u00fbt neutre.<\/li>\n<li><img data-recalc-dims=\"1\" decoding=\"async\" id=\"checklist2\" class=\"checklist2 alignleft\" title=\"CHECKLIST\" src=\"https:\/\/i0.wp.com\/shop.olivafix.com\/wp-content\/uploads\/2018\/11\/25-251230_photography-checklist-green-check-mark-in-box.png?resize=36%2C25&#038;ssl=1\" alt=\"checklist\" width=\"36\" height=\"25\" \/>La cr\u00e8me est facile \u00e0 enlever, en maintenant votre proth\u00e8se en place jusqu\u2019\u00e0 ce qu\u2019elle se d\u00e9colle, vous retirez facilement les r\u00e9sidus de la cr\u00e8me.<\/li>\n<li><img data-recalc-dims=\"1\" decoding=\"async\" id=\"checklist2\" class=\"checklist2 alignleft\" title=\"CHECKLIST\" src=\"https:\/\/i0.wp.com\/shop.olivafix.com\/wp-content\/uploads\/2018\/11\/25-251230_photography-checklist-green-check-mark-in-box.png?resize=36%2C25&#038;ssl=1\" alt=\"checklist\" width=\"36\" height=\"25\" \/>Fabriqu\u00e9 en Suisse.<\/li>\n<\/ul>\n<\/div>\n<div class=\"green-bg\">\n<h2><\/h2>\n<h2 style=\"text-align: center; color: #ffffff;\">Que pr\u00e9f\u00e9riez-vous introduire dans votre corps au quotidien ?<\/h2>\n<\/div>\n<div id=\"spoonz\">\n<div class=\"col-sp-12 col-sm-12 col-xs-12 col-md-12\"><img data-recalc-dims=\"1\" decoding=\"async\" src=\"https:\/\/i0.wp.com\/www.olivafix.com\/img\/cms\/spoons-1.png?resize=401%2C152&#038;ssl=1\" alt=\"Olivafix gold denture adhesive 75g box\" width=\"401\" height=\"152\" \/><\/div>\n<div class=\"col-sp-12 col-sm-6 col-xs-12 col-md-6 spoonz-col-1\">P\u00e9trolatum Huile min\u00e9rale<\/div>\n<div class=\"col-sp-12 col-sm-6 col-xs-12 col-md-6 spoonz-col-2\">Huile d\u2019Olive<\/div>\n<\/div>\n<div class=\"padding-center\">\n<p>Si la r\u00e9ponse est l\u2019huile d\u2019olive, ne cherchez pas plus loin. Nous avons d\u00e9velopp\u00e9 une cr\u00e8me adh\u00e9sive sans p\u00e9trolatum et nous l\u2019avons remplac\u00e9 par 35% d\u2019Huile d\u2019Olive Bio. OlivaFix\u00ae Gold n\u2019est pas une cr\u00e8me adh\u00e9sive dentaire comme les autres et ne diminue pas sur la performance en offrant jusqu\u2019\u00e0 24 heures de maintien sur les proth\u00e8ses dentaires sup\u00e9rieures compl\u00e8tes et un maintien exceptionnel pour les proth\u00e8ses dentaires inf\u00e9rieures et partielles.<\/p>\n<h3 class=\"green-title\">Le saviez-vous?<\/h3>\n<p>Savez-vous que votre cr\u00e8me dentaire ou cr\u00e8me adh\u00e9sive actuelle contient tr\u00e8s probablement du P\u00e9trolatum et\/ou de l\u2019huile min\u00e9rale. Avez-vous v\u00e9rifi\u00e9 ceci sur la bo\u00eete du produit ?<\/p>\n<p>Le produit est fabriqu\u00e9 en Suisse sous les directives des plus hautes instances pour les dispositifs m\u00e9dicaux.<\/p>\n<p>\u200b\u200bLe produit est un dispositif m\u00e9dical de classe I enregistr\u00e9 \u00e0 la FDA et fabriqu\u00e9 selon les directives EUROPEENNES pour les dispositifs m\u00e9dicaux (93\/42\/EEC).<\/p>\n<\/div>\n","protected":false},"excerpt":{"rendered":"<h2>La Premi\u00e8re cr\u00e8me adh\u00e9sive saines pour dentiers au monde<\/h2>\n<h4>Jusqu&rsquo;\u00e0 24 heures de tenue solide pour les proth\u00e8ses sup\u00e9rieures et une tenue exceptionnelle pour les proth\u00e8ses inf\u00e9rieures<\/h4>\n<h4>Tous les produits p\u00e9trochimiques sont compl\u00e8tement remplac\u00e9s par de l&rsquo;huile d&rsquo;olive biologique<\/h4>\n<h4>Formul\u00e9 sans zinc<\/h4>\n<h4>Tenue confortable avec une sensation soyeuse<\/h4>\n","protected":false},"featured_media":14370,"template":"","meta":[],"product_brand":[],"product_cat":[47],"product_tag":[],"class_list":{"0":"post-631","1":"product","2":"type-product","3":"status-publish","4":"has-post-thumbnail","6":"product_cat-adhesive-creams-fr","8":"first","9":"outofstock","10":"sale","11":"shipping-taxable","12":"purchasable","13":"product-type-simple"},"_links":{"self":[{"href":"https:\/\/shop.olivafix.com\/fr\/wp-json\/wp\/v2\/product\/631","targetHints":{"allow":["GET"]}}],"collection":[{"href":"https:\/\/shop.olivafix.com\/fr\/wp-json\/wp\/v2\/product"}],"about":[{"href":"https:\/\/shop.olivafix.com\/fr\/wp-json\/wp\/v2\/types\/product"}],"wp:featuredmedia":[{"embeddable":true,"href":"https:\/\/shop.olivafix.com\/fr\/wp-json\/wp\/v2\/media\/14370"}],"wp:attachment":[{"href":"https:\/\/shop.olivafix.com\/fr\/wp-json\/wp\/v2\/media?parent=631"}],"wp:term":[{"taxonomy":"product_brand","embeddable":true,"href":"https:\/\/shop.olivafix.com\/fr\/wp-json\/wp\/v2\/product_brand?post=631"},{"taxonomy":"product_cat","embeddable":true,"href":"https:\/\/shop.olivafix.com\/fr\/wp-json\/wp\/v2\/product_cat?post=631"},{"taxonomy":"product_tag","embeddable":true,"href":"https:\/\/shop.olivafix.com\/fr\/wp-json\/wp\/v2\/product_tag?post=631"}],"curies":[{"name":"wp","href":"https:\/\/api.w.org\/{rel}","templated":true}]}}